{"id":8,"date":"2019-04-24T21:42:51","date_gmt":"2019-04-24T19:42:51","guid":{"rendered":"http:\/\/andrenancy.rabas.net\/?page_id=8"},"modified":"2019-05-01T17:46:49","modified_gmt":"2019-05-01T15:46:49","slug":"accueil","status":"publish","type":"page","link":"https:\/\/www.magnetiseur44-mondat-guevara.com\/","title":{"rendered":"Accueil"},"content":{"rendered":"<p><span data-contrast=\"auto\">Ignacia GUEVARA REYES et Andr\u00e9 MONDAT peuvent vous recevoir ensemble ou s\u00e9par\u00e9ment \u00e0 votre convenance.<\/span><span data-ccp-props=\"{&quot;201341983&quot;:0,&quot;335559739&quot;:0,&quot;335559740&quot;:240}\">\u00a0<\/span><\/p>\n<p><span data-contrast=\"auto\">Les s\u00e9ances se d\u00e9roulent dans le respect et la discr\u00e9tion avec tout d\u2019abord un temps d&rsquo;\u00e9change, pour <\/span><span data-contrast=\"auto\">faire connaissance et comprendre la raison de votre pr\u00e9sence.<\/span><span data-ccp-props=\"{&quot;201341983&quot;:0,&quot;335559739&quot;:0,&quot;335559740&quot;:240}\">\u00a0<\/span><\/p>\n<p><span data-contrast=\"auto\">Puis vous pouvez vous installer confortablement sur la table de massage.<\/span><span data-ccp-props=\"{&quot;201341983&quot;:0,&quot;335559739&quot;:0,&quot;335559740&quot;:240}\">\u00a0<\/span><\/p>\n<p><span data-contrast=\"auto\">Les soins se font uniquement sur personne habill\u00e9e.<\/span><span data-ccp-props=\"{&quot;201341983&quot;:0,&quot;335559739&quot;:0,&quot;335559740&quot;:240}\">\u00a0<\/span><\/p>\n<p><span data-ccp-props=\"{&quot;201341983&quot;:0,&quot;335559739&quot;:0,&quot;335559740&quot;:240}\">\u00a0<\/span><span data-contrast=\"auto\">\u00ab\u202fLors de notre dialogue, j\u2019essaie de comprendre votre situation, en<\/span><span data-contrast=\"auto\">suite, j\u2019interviens sur le corps pour l\u2019aider \u00e0 se lib\u00e9rer des traces laiss\u00e9es par votre v\u00e9cu.\u202f\u00bb Andr\u00e9 MONDAT<\/span><span data-ccp-props=\"{&quot;201341983&quot;:0,&quot;335559739&quot;:0,&quot;335559740&quot;:240}\">\u00a0<\/span><\/p>\n\n\n<p><\/p>\n","protected":false},"excerpt":{"rendered":"<p>Ignacia GUEVARA REYES et Andr\u00e9 MONDAT peuvent vous recevoir ensemble ou s\u00e9par\u00e9ment \u00e0 votre convenance.\u00a0 Les s\u00e9ances se d\u00e9roulent dans le respect et la discr\u00e9tion avec tout d\u2019abord un temps d&rsquo;\u00e9change, pour faire connaissance et comprendre la raison de votre pr\u00e9sence.\u00a0 Puis vous pouvez vous installer confortablement sur la table de massage.\u00a0 Les soins se &hellip; <\/p>\n<p class=\"link-more\"><a href=\"https:\/\/www.magnetiseur44-mondat-guevara.com\/\" class=\"more-link\">Continuer la lecture<span class=\"screen-reader-text\"> de &laquo;&nbsp;Accueil&nbsp;&raquo;<\/span><\/a><\/p>\n","protected":false},"author":1,"featured_media":0,"parent":0,"menu_order":0,"comment_status":"closed","ping_status":"closed","template":"","meta":{"footnotes":""},"yoast_head":"<!-- This site is optimized with the Yoast SEO plugin v24.5 - https:\/\/yoast.com\/wordpress\/plugins\/seo\/ -->\n<title>Accueil - Ignacia &amp; Andr\u00e9<\/title>\n<meta name=\"robots\" content=\"index, follow, max-snippet:-1, max-image-preview:large, max-video-preview:-1\" \/>\n<link rel=\"canonical\" href=\"https:\/\/www.magnetiseur44-mondat-guevara.com\/\" \/>\n<meta property=\"og:locale\" content=\"fr_FR\" \/>\n<meta property=\"og:type\" content=\"article\" \/>\n<meta property=\"og:title\" content=\"Accueil - Ignacia &amp; Andr\u00e9\" \/>\n<meta property=\"og:description\" content=\"Ignacia GUEVARA REYES et Andr\u00e9 MONDAT peuvent vous recevoir ensemble ou s\u00e9par\u00e9ment \u00e0 votre convenance.\u00a0 Les s\u00e9ances se d\u00e9roulent dans le respect et la discr\u00e9tion avec tout d\u2019abord un temps d&rsquo;\u00e9change, pour faire connaissance et comprendre la raison de votre pr\u00e9sence.\u00a0 Puis vous pouvez vous installer confortablement sur la table de massage.\u00a0 Les soins se &hellip; Continuer la lecture de &laquo;&nbsp;Accueil&nbsp;&raquo;\" \/>\n<meta property=\"og:url\" content=\"https:\/\/www.magnetiseur44-mondat-guevara.com\/\" \/>\n<meta property=\"og:site_name\" content=\"Ignacia &amp; Andr\u00e9\" \/>\n<meta property=\"article:publisher\" content=\"https:\/\/www.facebook.com\/andre.mondat\" \/>\n<meta property=\"article:modified_time\" content=\"2019-05-01T15:46:49+00:00\" \/>\n<meta name=\"twitter:card\" content=\"summary_large_image\" \/>\n<meta name=\"twitter:label1\" content=\"Dur\u00e9e de lecture estim\u00e9e\" \/>\n\t<meta name=\"twitter:data1\" content=\"1 minute\" \/>\n<script type=\"application\/ld+json\" class=\"yoast-schema-graph\">{\"@context\":\"https:\/\/schema.org\",\"@graph\":[{\"@type\":\"WebPage\",\"@id\":\"https:\/\/www.magnetiseur44-mondat-guevara.com\/\",\"url\":\"https:\/\/www.magnetiseur44-mondat-guevara.com\/\",\"name\":\"Accueil - Ignacia &amp; Andr\u00e9\",\"isPartOf\":{\"@id\":\"https:\/\/www.magnetiseur44-mondat-guevara.com\/#website\"},\"datePublished\":\"2019-04-24T19:42:51+00:00\",\"dateModified\":\"2019-05-01T15:46:49+00:00\",\"breadcrumb\":{\"@id\":\"https:\/\/www.magnetiseur44-mondat-guevara.com\/#breadcrumb\"},\"inLanguage\":\"fr-FR\",\"potentialAction\":[{\"@type\":\"ReadAction\",\"target\":[\"https:\/\/www.magnetiseur44-mondat-guevara.com\/\"]}]},{\"@type\":\"BreadcrumbList\",\"@id\":\"https:\/\/www.magnetiseur44-mondat-guevara.com\/#breadcrumb\",\"itemListElement\":[{\"@type\":\"ListItem\",\"position\":1,\"name\":\"Accueil\",\"item\":\"https:\/\/www.magnetiseur44-mondat-guevara.com\/\"},{\"@type\":\"ListItem\",\"position\":2,\"name\":\"Accueil\"}]},{\"@type\":\"WebSite\",\"@id\":\"https:\/\/www.magnetiseur44-mondat-guevara.com\/#website\",\"url\":\"https:\/\/www.magnetiseur44-mondat-guevara.com\/\",\"name\":\"Ignacia &amp; Andr\u00e9\",\"description\":\"Magn\u00e9tiseurs Nantes - Saint-Herblain\",\"publisher\":{\"@id\":\"https:\/\/www.magnetiseur44-mondat-guevara.com\/#\/schema\/person\/4c936b883dad4974a2ebc832867c6023\"},\"potentialAction\":[{\"@type\":\"SearchAction\",\"target\":{\"@type\":\"EntryPoint\",\"urlTemplate\":\"https:\/\/www.magnetiseur44-mondat-guevara.com\/?s={search_term_string}\"},\"query-input\":{\"@type\":\"PropertyValueSpecification\",\"valueRequired\":true,\"valueName\":\"search_term_string\"}}],\"inLanguage\":\"fr-FR\"},{\"@type\":[\"Person\",\"Organization\"],\"@id\":\"https:\/\/www.magnetiseur44-mondat-guevara.com\/#\/schema\/person\/4c936b883dad4974a2ebc832867c6023\",\"name\":\"Andr\u00e9 Mondat\",\"image\":{\"@type\":\"ImageObject\",\"inLanguage\":\"fr-FR\",\"@id\":\"https:\/\/www.magnetiseur44-mondat-guevara.com\/#\/schema\/person\/image\/\",\"url\":\"https:\/\/secure.gravatar.com\/avatar\/d5e0d1fe0a1414e7dd020b3e0e566f5d?s=96&d=mm&r=g\",\"contentUrl\":\"https:\/\/secure.gravatar.com\/avatar\/d5e0d1fe0a1414e7dd020b3e0e566f5d?s=96&d=mm&r=g\",\"caption\":\"Andr\u00e9 Mondat\"},\"logo\":{\"@id\":\"https:\/\/www.magnetiseur44-mondat-guevara.com\/#\/schema\/person\/image\/\"},\"description\":\"Andr\u00e9 Mondat Nancy Ignacia Guevara Reyes Magn\u00e9tiseur M\u00e9decine Mexicaine Mexique Acupuncture Saint Herblain Nantes Loire Atlantique\",\"sameAs\":[\"https:\/\/www.facebook.com\/andre.mondat\",\"https:\/\/www.linkedin.com\/in\/andr-mondat-36641a110\/\"]}]}<\/script>\n<!-- \/ Yoast SEO plugin. -->","yoast_head_json":{"title":"Accueil - Ignacia &amp; Andr\u00e9","robots":{"index":"index","follow":"follow","max-snippet":"max-snippet:-1","max-image-preview":"max-image-preview:large","max-video-preview":"max-video-preview:-1"},"canonical":"https:\/\/www.magnetiseur44-mondat-guevara.com\/","og_locale":"fr_FR","og_type":"article","og_title":"Accueil - Ignacia &amp; Andr\u00e9","og_description":"Ignacia GUEVARA REYES et Andr\u00e9 MONDAT peuvent vous recevoir ensemble ou s\u00e9par\u00e9ment \u00e0 votre convenance.\u00a0 Les s\u00e9ances se d\u00e9roulent dans le respect et la discr\u00e9tion avec tout d\u2019abord un temps d&rsquo;\u00e9change, pour faire connaissance et comprendre la raison de votre pr\u00e9sence.\u00a0 Puis vous pouvez vous installer confortablement sur la table de massage.\u00a0 Les soins se &hellip; Continuer la lecture de &laquo;&nbsp;Accueil&nbsp;&raquo;","og_url":"https:\/\/www.magnetiseur44-mondat-guevara.com\/","og_site_name":"Ignacia &amp; Andr\u00e9","article_publisher":"https:\/\/www.facebook.com\/andre.mondat","article_modified_time":"2019-05-01T15:46:49+00:00","twitter_card":"summary_large_image","twitter_misc":{"Dur\u00e9e de lecture estim\u00e9e":"1 minute"},"schema":{"@context":"https:\/\/schema.org","@graph":[{"@type":"WebPage","@id":"https:\/\/www.magnetiseur44-mondat-guevara.com\/","url":"https:\/\/www.magnetiseur44-mondat-guevara.com\/","name":"Accueil - Ignacia &amp; Andr\u00e9","isPartOf":{"@id":"https:\/\/www.magnetiseur44-mondat-guevara.com\/#website"},"datePublished":"2019-04-24T19:42:51+00:00","dateModified":"2019-05-01T15:46:49+00:00","breadcrumb":{"@id":"https:\/\/www.magnetiseur44-mondat-guevara.com\/#breadcrumb"},"inLanguage":"fr-FR","potentialAction":[{"@type":"ReadAction","target":["https:\/\/www.magnetiseur44-mondat-guevara.com\/"]}]},{"@type":"BreadcrumbList","@id":"https:\/\/www.magnetiseur44-mondat-guevara.com\/#breadcrumb","itemListElement":[{"@type":"ListItem","position":1,"name":"Accueil","item":"https:\/\/www.magnetiseur44-mondat-guevara.com\/"},{"@type":"ListItem","position":2,"name":"Accueil"}]},{"@type":"WebSite","@id":"https:\/\/www.magnetiseur44-mondat-guevara.com\/#website","url":"https:\/\/www.magnetiseur44-mondat-guevara.com\/","name":"Ignacia &amp; Andr\u00e9","description":"Magn\u00e9tiseurs Nantes - Saint-Herblain","publisher":{"@id":"https:\/\/www.magnetiseur44-mondat-guevara.com\/#\/schema\/person\/4c936b883dad4974a2ebc832867c6023"},"potentialAction":[{"@type":"SearchAction","target":{"@type":"EntryPoint","urlTemplate":"https:\/\/www.magnetiseur44-mondat-guevara.com\/?s={search_term_string}"},"query-input":{"@type":"PropertyValueSpecification","valueRequired":true,"valueName":"search_term_string"}}],"inLanguage":"fr-FR"},{"@type":["Person","Organization"],"@id":"https:\/\/www.magnetiseur44-mondat-guevara.com\/#\/schema\/person\/4c936b883dad4974a2ebc832867c6023","name":"Andr\u00e9 Mondat","image":{"@type":"ImageObject","inLanguage":"fr-FR","@id":"https:\/\/www.magnetiseur44-mondat-guevara.com\/#\/schema\/person\/image\/","url":"https:\/\/secure.gravatar.com\/avatar\/d5e0d1fe0a1414e7dd020b3e0e566f5d?s=96&d=mm&r=g","contentUrl":"https:\/\/secure.gravatar.com\/avatar\/d5e0d1fe0a1414e7dd020b3e0e566f5d?s=96&d=mm&r=g","caption":"Andr\u00e9 Mondat"},"logo":{"@id":"https:\/\/www.magnetiseur44-mondat-guevara.com\/#\/schema\/person\/image\/"},"description":"Andr\u00e9 Mondat Nancy Ignacia Guevara Reyes Magn\u00e9tiseur M\u00e9decine Mexicaine Mexique Acupuncture Saint Herblain Nantes Loire Atlantique","sameAs":["https:\/\/www.facebook.com\/andre.mondat","https:\/\/www.linkedin.com\/in\/andr-mondat-36641a110\/"]}]}},"_links":{"self":[{"href":"https:\/\/www.magnetiseur44-mondat-guevara.com\/index.php\/wp-json\/wp\/v2\/pages\/8"}],"collection":[{"href":"https:\/\/www.magnetiseur44-mondat-guevara.com\/index.php\/wp-json\/wp\/v2\/pages"}],"about":[{"href":"https:\/\/www.magnetiseur44-mondat-guevara.com\/index.php\/wp-json\/wp\/v2\/types\/page"}],"author":[{"embeddable":true,"href":"https:\/\/www.magnetiseur44-mondat-guevara.com\/index.php\/wp-json\/wp\/v2\/users\/1"}],"replies":[{"embeddable":true,"href":"https:\/\/www.magnetiseur44-mondat-guevara.com\/index.php\/wp-json\/wp\/v2\/comments?post=8"}],"version-history":[{"count":4,"href":"https:\/\/www.magnetiseur44-mondat-guevara.com\/index.php\/wp-json\/wp\/v2\/pages\/8\/revisions"}],"predecessor-version":[{"id":55,"href":"https:\/\/www.magnetiseur44-mondat-guevara.com\/index.php\/wp-json\/wp\/v2\/pages\/8\/revisions\/55"}],"wp:attachment":[{"href":"https:\/\/www.magnetiseur44-mondat-guevara.com\/index.php\/wp-json\/wp\/v2\/media?parent=8"}],"curies":[{"name":"wp","href":"https:\/\/api.w.org\/{rel}","templated":true}]}}