{"id":42,"date":"2019-05-01T14:25:08","date_gmt":"2019-05-01T12:25:08","guid":{"rendered":"http:\/\/andrenancy.rabas.net\/?page_id=42"},"modified":"2019-05-21T23:26:17","modified_gmt":"2019-05-21T21:26:17","slug":"soins-ignacia","status":"publish","type":"page","link":"https:\/\/www.magnetiseur44-mondat-guevara.com\/index.php\/soins-ignacia\/","title":{"rendered":"Soins Ignacia"},"content":{"rendered":"\n<div class=\"wp-block-image\"><figure class=\"alignright is-resized\"><img loading=\"lazy\" decoding=\"async\" src=\"http:\/\/andrenancy.rabas.net\/wp-content\/uploads\/2019\/05\/cabinet3-e1558470648249-663x1024.png\" alt=\"\" class=\"wp-image-83\" width=\"175\" height=\"270\" srcset=\"https:\/\/www.magnetiseur44-mondat-guevara.com\/wp-content\/uploads\/2019\/05\/cabinet3-e1558470648249-663x1024.png 663w, https:\/\/www.magnetiseur44-mondat-guevara.com\/wp-content\/uploads\/2019\/05\/cabinet3-e1558470648249-194x300.png 194w, https:\/\/www.magnetiseur44-mondat-guevara.com\/wp-content\/uploads\/2019\/05\/cabinet3-e1558470648249.png 699w\" sizes=\"(max-width: 175px) 100vw, 175px\" \/><\/figure><\/div>\n\n\n\n<p> Mes formations mexicaines, avec une femme-m\u00e9decine de tradition tolt\u00e8que, ont \u00e9t\u00e9 compl\u00e9t\u00e9es par des \u00e9tudes universitaires dans diff\u00e9rents domaines comme administration du temps libre, acupuncture japonaise, chinoise et m\u00e9decine traditionnelle mexicaine dans plusieurs \u00e9tablissements mexicains. <\/p>\n\n\n\n<p>J&rsquo;y ai ajout\u00e9 une formation de th\u00e9rapeute d&rsquo;allergies et celle d&rsquo;enseignante de qi-gong en France. <\/p>\n\n\n\n<p>Toutes ces connaissances me permettent de proposer la th\u00e9rapie la plus adapt\u00e9e \u00e0 votre probl\u00e8me.<\/p>\n\n\n\n<p>Je vous recevrai en prenant en compte votre sp\u00e9cificit\u00e9 plus particuli\u00e8rement dans les cas suivants&nbsp;:<\/p>\n\n\n\n<p>Allergies ou intol\u00e9rances alimentaires qui se manifestent sous les formes suivantes\u00a0: rhumes des foins, asthme, ecz\u00e9ma, r\u00e9action au contact des animaux, migraine, douleurs et troubles digestifs, articulaires, hormonaux, circulatoires, immunitaires en tous genres, rejets m\u00e9dicamenteux, certaines formes de d\u00e9pression et de d\u00e9pendance, etc&#8230;.<\/p>\n\n\n\n<p>Pathologies dues au style de vie\u00a0: stress, communication difficile, nourriture industrielle, exc\u00e8s de sucre, tabac, manque de consid\u00e9ration.<\/p>\n\n\n\n<p>Douleurs diverses dues aux changements hormonaux (adolescence, m\u00e9nopause).<\/p>\n","protected":false},"excerpt":{"rendered":"<p>Mes formations mexicaines, avec une femme-m\u00e9decine de tradition tolt\u00e8que, ont \u00e9t\u00e9 compl\u00e9t\u00e9es par des \u00e9tudes universitaires dans diff\u00e9rents domaines comme administration du temps libre, acupuncture japonaise, chinoise et m\u00e9decine traditionnelle mexicaine dans plusieurs \u00e9tablissements mexicains. J&rsquo;y ai ajout\u00e9 une formation de th\u00e9rapeute d&rsquo;allergies et celle d&rsquo;enseignante de qi-gong en France. Toutes ces connaissances me permettent &hellip; <\/p>\n<p class=\"link-more\"><a href=\"https:\/\/www.magnetiseur44-mondat-guevara.com\/index.php\/soins-ignacia\/\" class=\"more-link\">Continuer la lecture<span class=\"screen-reader-text\"> de &laquo;&nbsp;Soins Ignacia&nbsp;&raquo;<\/span><\/a><\/p>\n","protected":false},"author":1,"featured_media":0,"parent":0,"menu_order":0,"comment_status":"closed","ping_status":"closed","template":"","meta":{"footnotes":""},"yoast_head":"<!-- This site is optimized with the Yoast SEO plugin v24.5 - https:\/\/yoast.com\/wordpress\/plugins\/seo\/ -->\n<title>Soins Ignacia - Ignacia &amp; Andr\u00e9<\/title>\n<meta name=\"robots\" content=\"index, follow, max-snippet:-1, max-image-preview:large, max-video-preview:-1\" \/>\n<link rel=\"canonical\" href=\"https:\/\/www.magnetiseur44-mondat-guevara.com\/index.php\/soins-ignacia\/\" \/>\n<meta property=\"og:locale\" content=\"fr_FR\" \/>\n<meta property=\"og:type\" content=\"article\" \/>\n<meta property=\"og:title\" content=\"Soins Ignacia - Ignacia &amp; Andr\u00e9\" \/>\n<meta property=\"og:description\" content=\"Mes formations mexicaines, avec une femme-m\u00e9decine de tradition tolt\u00e8que, ont \u00e9t\u00e9 compl\u00e9t\u00e9es par des \u00e9tudes universitaires dans diff\u00e9rents domaines comme administration du temps libre, acupuncture japonaise, chinoise et m\u00e9decine traditionnelle mexicaine dans plusieurs \u00e9tablissements mexicains. J&rsquo;y ai ajout\u00e9 une formation de th\u00e9rapeute d&rsquo;allergies et celle d&rsquo;enseignante de qi-gong en France. Toutes ces connaissances me permettent &hellip; Continuer la lecture de &laquo;&nbsp;Soins Ignacia&nbsp;&raquo;\" \/>\n<meta property=\"og:url\" content=\"https:\/\/www.magnetiseur44-mondat-guevara.com\/index.php\/soins-ignacia\/\" \/>\n<meta property=\"og:site_name\" content=\"Ignacia &amp; Andr\u00e9\" \/>\n<meta property=\"article:publisher\" content=\"https:\/\/www.facebook.com\/andre.mondat\" \/>\n<meta property=\"article:modified_time\" content=\"2019-05-21T21:26:17+00:00\" \/>\n<meta property=\"og:image\" content=\"http:\/\/andrenancy.rabas.net\/wp-content\/uploads\/2019\/05\/cabinet3-e1558470648249-663x1024.png\" \/>\n<meta name=\"twitter:card\" content=\"summary_large_image\" \/>\n<meta name=\"twitter:label1\" content=\"Dur\u00e9e de lecture estim\u00e9e\" \/>\n\t<meta name=\"twitter:data1\" content=\"1 minute\" \/>\n<script type=\"application\/ld+json\" class=\"yoast-schema-graph\">{\"@context\":\"https:\/\/schema.org\",\"@graph\":[{\"@type\":\"WebPage\",\"@id\":\"https:\/\/www.magnetiseur44-mondat-guevara.com\/index.php\/soins-ignacia\/\",\"url\":\"https:\/\/www.magnetiseur44-mondat-guevara.com\/index.php\/soins-ignacia\/\",\"name\":\"Soins Ignacia - Ignacia &amp; Andr\u00e9\",\"isPartOf\":{\"@id\":\"https:\/\/www.magnetiseur44-mondat-guevara.com\/#website\"},\"primaryImageOfPage\":{\"@id\":\"https:\/\/www.magnetiseur44-mondat-guevara.com\/index.php\/soins-ignacia\/#primaryimage\"},\"image\":{\"@id\":\"https:\/\/www.magnetiseur44-mondat-guevara.com\/index.php\/soins-ignacia\/#primaryimage\"},\"thumbnailUrl\":\"http:\/\/andrenancy.rabas.net\/wp-content\/uploads\/2019\/05\/cabinet3-e1558470648249-663x1024.png\",\"datePublished\":\"2019-05-01T12:25:08+00:00\",\"dateModified\":\"2019-05-21T21:26:17+00:00\",\"breadcrumb\":{\"@id\":\"https:\/\/www.magnetiseur44-mondat-guevara.com\/index.php\/soins-ignacia\/#breadcrumb\"},\"inLanguage\":\"fr-FR\",\"potentialAction\":[{\"@type\":\"ReadAction\",\"target\":[\"https:\/\/www.magnetiseur44-mondat-guevara.com\/index.php\/soins-ignacia\/\"]}]},{\"@type\":\"ImageObject\",\"inLanguage\":\"fr-FR\",\"@id\":\"https:\/\/www.magnetiseur44-mondat-guevara.com\/index.php\/soins-ignacia\/#primaryimage\",\"url\":\"http:\/\/andrenancy.rabas.net\/wp-content\/uploads\/2019\/05\/cabinet3-e1558470648249-663x1024.png\",\"contentUrl\":\"http:\/\/andrenancy.rabas.net\/wp-content\/uploads\/2019\/05\/cabinet3-e1558470648249-663x1024.png\"},{\"@type\":\"BreadcrumbList\",\"@id\":\"https:\/\/www.magnetiseur44-mondat-guevara.com\/index.php\/soins-ignacia\/#breadcrumb\",\"itemListElement\":[{\"@type\":\"ListItem\",\"position\":1,\"name\":\"Accueil\",\"item\":\"https:\/\/www.magnetiseur44-mondat-guevara.com\/\"},{\"@type\":\"ListItem\",\"position\":2,\"name\":\"Soins Ignacia\"}]},{\"@type\":\"WebSite\",\"@id\":\"https:\/\/www.magnetiseur44-mondat-guevara.com\/#website\",\"url\":\"https:\/\/www.magnetiseur44-mondat-guevara.com\/\",\"name\":\"Ignacia &amp; Andr\u00e9\",\"description\":\"Magn\u00e9tiseurs Nantes - Saint-Herblain\",\"publisher\":{\"@id\":\"https:\/\/www.magnetiseur44-mondat-guevara.com\/#\/schema\/person\/4c936b883dad4974a2ebc832867c6023\"},\"potentialAction\":[{\"@type\":\"SearchAction\",\"target\":{\"@type\":\"EntryPoint\",\"urlTemplate\":\"https:\/\/www.magnetiseur44-mondat-guevara.com\/?s={search_term_string}\"},\"query-input\":{\"@type\":\"PropertyValueSpecification\",\"valueRequired\":true,\"valueName\":\"search_term_string\"}}],\"inLanguage\":\"fr-FR\"},{\"@type\":[\"Person\",\"Organization\"],\"@id\":\"https:\/\/www.magnetiseur44-mondat-guevara.com\/#\/schema\/person\/4c936b883dad4974a2ebc832867c6023\",\"name\":\"Andr\u00e9 Mondat\",\"image\":{\"@type\":\"ImageObject\",\"inLanguage\":\"fr-FR\",\"@id\":\"https:\/\/www.magnetiseur44-mondat-guevara.com\/#\/schema\/person\/image\/\",\"url\":\"https:\/\/secure.gravatar.com\/avatar\/d5e0d1fe0a1414e7dd020b3e0e566f5d?s=96&d=mm&r=g\",\"contentUrl\":\"https:\/\/secure.gravatar.com\/avatar\/d5e0d1fe0a1414e7dd020b3e0e566f5d?s=96&d=mm&r=g\",\"caption\":\"Andr\u00e9 Mondat\"},\"logo\":{\"@id\":\"https:\/\/www.magnetiseur44-mondat-guevara.com\/#\/schema\/person\/image\/\"},\"description\":\"Andr\u00e9 Mondat Nancy Ignacia Guevara Reyes Magn\u00e9tiseur M\u00e9decine Mexicaine Mexique Acupuncture Saint Herblain Nantes Loire Atlantique\",\"sameAs\":[\"https:\/\/www.facebook.com\/andre.mondat\",\"https:\/\/www.linkedin.com\/in\/andr-mondat-36641a110\/\"]}]}<\/script>\n<!-- \/ Yoast SEO plugin. -->","yoast_head_json":{"title":"Soins Ignacia - Ignacia &amp; Andr\u00e9","robots":{"index":"index","follow":"follow","max-snippet":"max-snippet:-1","max-image-preview":"max-image-preview:large","max-video-preview":"max-video-preview:-1"},"canonical":"https:\/\/www.magnetiseur44-mondat-guevara.com\/index.php\/soins-ignacia\/","og_locale":"fr_FR","og_type":"article","og_title":"Soins Ignacia - Ignacia &amp; Andr\u00e9","og_description":"Mes formations mexicaines, avec une femme-m\u00e9decine de tradition tolt\u00e8que, ont \u00e9t\u00e9 compl\u00e9t\u00e9es par des \u00e9tudes universitaires dans diff\u00e9rents domaines comme administration du temps libre, acupuncture japonaise, chinoise et m\u00e9decine traditionnelle mexicaine dans plusieurs \u00e9tablissements mexicains. J&rsquo;y ai ajout\u00e9 une formation de th\u00e9rapeute d&rsquo;allergies et celle d&rsquo;enseignante de qi-gong en France. Toutes ces connaissances me permettent &hellip; Continuer la lecture de &laquo;&nbsp;Soins Ignacia&nbsp;&raquo;","og_url":"https:\/\/www.magnetiseur44-mondat-guevara.com\/index.php\/soins-ignacia\/","og_site_name":"Ignacia &amp; Andr\u00e9","article_publisher":"https:\/\/www.facebook.com\/andre.mondat","article_modified_time":"2019-05-21T21:26:17+00:00","og_image":[{"url":"http:\/\/andrenancy.rabas.net\/wp-content\/uploads\/2019\/05\/cabinet3-e1558470648249-663x1024.png","type":"","width":"","height":""}],"twitter_card":"summary_large_image","twitter_misc":{"Dur\u00e9e de lecture estim\u00e9e":"1 minute"},"schema":{"@context":"https:\/\/schema.org","@graph":[{"@type":"WebPage","@id":"https:\/\/www.magnetiseur44-mondat-guevara.com\/index.php\/soins-ignacia\/","url":"https:\/\/www.magnetiseur44-mondat-guevara.com\/index.php\/soins-ignacia\/","name":"Soins Ignacia - Ignacia &amp; Andr\u00e9","isPartOf":{"@id":"https:\/\/www.magnetiseur44-mondat-guevara.com\/#website"},"primaryImageOfPage":{"@id":"https:\/\/www.magnetiseur44-mondat-guevara.com\/index.php\/soins-ignacia\/#primaryimage"},"image":{"@id":"https:\/\/www.magnetiseur44-mondat-guevara.com\/index.php\/soins-ignacia\/#primaryimage"},"thumbnailUrl":"http:\/\/andrenancy.rabas.net\/wp-content\/uploads\/2019\/05\/cabinet3-e1558470648249-663x1024.png","datePublished":"2019-05-01T12:25:08+00:00","dateModified":"2019-05-21T21:26:17+00:00","breadcrumb":{"@id":"https:\/\/www.magnetiseur44-mondat-guevara.com\/index.php\/soins-ignacia\/#breadcrumb"},"inLanguage":"fr-FR","potentialAction":[{"@type":"ReadAction","target":["https:\/\/www.magnetiseur44-mondat-guevara.com\/index.php\/soins-ignacia\/"]}]},{"@type":"ImageObject","inLanguage":"fr-FR","@id":"https:\/\/www.magnetiseur44-mondat-guevara.com\/index.php\/soins-ignacia\/#primaryimage","url":"http:\/\/andrenancy.rabas.net\/wp-content\/uploads\/2019\/05\/cabinet3-e1558470648249-663x1024.png","contentUrl":"http:\/\/andrenancy.rabas.net\/wp-content\/uploads\/2019\/05\/cabinet3-e1558470648249-663x1024.png"},{"@type":"BreadcrumbList","@id":"https:\/\/www.magnetiseur44-mondat-guevara.com\/index.php\/soins-ignacia\/#breadcrumb","itemListElement":[{"@type":"ListItem","position":1,"name":"Accueil","item":"https:\/\/www.magnetiseur44-mondat-guevara.com\/"},{"@type":"ListItem","position":2,"name":"Soins Ignacia"}]},{"@type":"WebSite","@id":"https:\/\/www.magnetiseur44-mondat-guevara.com\/#website","url":"https:\/\/www.magnetiseur44-mondat-guevara.com\/","name":"Ignacia &amp; Andr\u00e9","description":"Magn\u00e9tiseurs Nantes - Saint-Herblain","publisher":{"@id":"https:\/\/www.magnetiseur44-mondat-guevara.com\/#\/schema\/person\/4c936b883dad4974a2ebc832867c6023"},"potentialAction":[{"@type":"SearchAction","target":{"@type":"EntryPoint","urlTemplate":"https:\/\/www.magnetiseur44-mondat-guevara.com\/?s={search_term_string}"},"query-input":{"@type":"PropertyValueSpecification","valueRequired":true,"valueName":"search_term_string"}}],"inLanguage":"fr-FR"},{"@type":["Person","Organization"],"@id":"https:\/\/www.magnetiseur44-mondat-guevara.com\/#\/schema\/person\/4c936b883dad4974a2ebc832867c6023","name":"Andr\u00e9 Mondat","image":{"@type":"ImageObject","inLanguage":"fr-FR","@id":"https:\/\/www.magnetiseur44-mondat-guevara.com\/#\/schema\/person\/image\/","url":"https:\/\/secure.gravatar.com\/avatar\/d5e0d1fe0a1414e7dd020b3e0e566f5d?s=96&d=mm&r=g","contentUrl":"https:\/\/secure.gravatar.com\/avatar\/d5e0d1fe0a1414e7dd020b3e0e566f5d?s=96&d=mm&r=g","caption":"Andr\u00e9 Mondat"},"logo":{"@id":"https:\/\/www.magnetiseur44-mondat-guevara.com\/#\/schema\/person\/image\/"},"description":"Andr\u00e9 Mondat Nancy Ignacia Guevara Reyes Magn\u00e9tiseur M\u00e9decine Mexicaine Mexique Acupuncture Saint Herblain Nantes Loire Atlantique","sameAs":["https:\/\/www.facebook.com\/andre.mondat","https:\/\/www.linkedin.com\/in\/andr-mondat-36641a110\/"]}]}},"_links":{"self":[{"href":"https:\/\/www.magnetiseur44-mondat-guevara.com\/index.php\/wp-json\/wp\/v2\/pages\/42"}],"collection":[{"href":"https:\/\/www.magnetiseur44-mondat-guevara.com\/index.php\/wp-json\/wp\/v2\/pages"}],"about":[{"href":"https:\/\/www.magnetiseur44-mondat-guevara.com\/index.php\/wp-json\/wp\/v2\/types\/page"}],"author":[{"embeddable":true,"href":"https:\/\/www.magnetiseur44-mondat-guevara.com\/index.php\/wp-json\/wp\/v2\/users\/1"}],"replies":[{"embeddable":true,"href":"https:\/\/www.magnetiseur44-mondat-guevara.com\/index.php\/wp-json\/wp\/v2\/comments?post=42"}],"version-history":[{"count":9,"href":"https:\/\/www.magnetiseur44-mondat-guevara.com\/index.php\/wp-json\/wp\/v2\/pages\/42\/revisions"}],"predecessor-version":[{"id":101,"href":"https:\/\/www.magnetiseur44-mondat-guevara.com\/index.php\/wp-json\/wp\/v2\/pages\/42\/revisions\/101"}],"wp:attachment":[{"href":"https:\/\/www.magnetiseur44-mondat-guevara.com\/index.php\/wp-json\/wp\/v2\/media?parent=42"}],"curies":[{"name":"wp","href":"https:\/\/api.w.org\/{rel}","templated":true}]}}