{"id":31,"date":"2019-04-26T10:22:12","date_gmt":"2019-04-26T08:22:12","guid":{"rendered":"http:\/\/andrenancy.rabas.net\/?page_id=31"},"modified":"2019-05-21T23:19:22","modified_gmt":"2019-05-21T21:19:22","slug":"tarifs","status":"publish","type":"page","link":"https:\/\/www.magnetiseur44-mondat-guevara.com\/index.php\/tarifs\/","title":{"rendered":"Tarifs"},"content":{"rendered":"\n<p><strong>Tarifs IGNACIA<\/strong>&nbsp;&nbsp;<\/p>\n\n\n\n<p>S\u00e9ance au cabinet : 50 \u20ac\u00a0<\/p>\n\n\n\n<p>S\u00e9ance \u00e0 votre domicile  :  60 \u20ac\u00a0<\/p>\n\n\n\n<p>1<sup>\u00e8re<\/sup> s\u00e9ance traitement des allergies  :  65 \u20ac\u00a0<\/p>\n\n\n\n<p><strong>Tarifs ANDR\u00c9 <\/strong>:&nbsp;<\/p>\n\n\n\n<p>S\u00e9ance au cabinet  :  50 \u20ac\u00a0<\/p>\n\n\n\n<p>S\u00e9ance \u00e0 votre domicile  :  60 \u20ac\u00a0<\/p>\n\n\n\n<p><strong>Tarifs IGNACIA<\/strong> &amp; <strong>ANDR\u00c9 <\/strong>:&nbsp;<\/p>\n\n\n\n<p>S\u00e9ance au cabinet  :  80 \u20ac\u00a0<\/p>\n\n\n\n<p>S\u00e9ance \u00e0 votre domicile  :  90 \u20ac\u00a0<\/p>\n\n\n\n<p>Remise de facture sur demande pour prise en charge par votre mutuelle.&nbsp;<\/p>\n\n\n\n<p>Le paiement de nos actes peut s&rsquo;effectuer en ch\u00e8que ou en liquide uniquement car nous ne prenons pas la carte bancaire.\u00a0<\/p>\n","protected":false},"excerpt":{"rendered":"<p>Tarifs IGNACIA&nbsp;&nbsp; S\u00e9ance au cabinet : 50 \u20ac\u00a0 S\u00e9ance \u00e0 votre domicile : 60 \u20ac\u00a0 1\u00e8re s\u00e9ance traitement des allergies : 65 \u20ac\u00a0 Tarifs ANDR\u00c9 :&nbsp; S\u00e9ance au cabinet : 50 \u20ac\u00a0 S\u00e9ance \u00e0 votre domicile : 60 \u20ac\u00a0 Tarifs IGNACIA &amp; ANDR\u00c9 :&nbsp; S\u00e9ance au cabinet : 80 \u20ac\u00a0 S\u00e9ance \u00e0 votre domicile : &hellip; <\/p>\n<p class=\"link-more\"><a href=\"https:\/\/www.magnetiseur44-mondat-guevara.com\/index.php\/tarifs\/\" class=\"more-link\">Continuer la lecture<span class=\"screen-reader-text\"> de &laquo;&nbsp;Tarifs&nbsp;&raquo;<\/span><\/a><\/p>\n","protected":false},"author":1,"featured_media":0,"parent":0,"menu_order":0,"comment_status":"closed","ping_status":"closed","template":"","meta":{"footnotes":""},"yoast_head":"<!-- This site is optimized with the Yoast SEO plugin v24.5 - https:\/\/yoast.com\/wordpress\/plugins\/seo\/ -->\n<title>Tarifs - Ignacia &amp; Andr\u00e9<\/title>\n<meta name=\"robots\" content=\"index, follow, max-snippet:-1, max-image-preview:large, max-video-preview:-1\" \/>\n<link rel=\"canonical\" href=\"https:\/\/www.magnetiseur44-mondat-guevara.com\/index.php\/tarifs\/\" \/>\n<meta property=\"og:locale\" content=\"fr_FR\" \/>\n<meta property=\"og:type\" content=\"article\" \/>\n<meta property=\"og:title\" content=\"Tarifs - Ignacia &amp; Andr\u00e9\" \/>\n<meta property=\"og:description\" content=\"Tarifs IGNACIA&nbsp;&nbsp; S\u00e9ance au cabinet : 50 \u20ac\u00a0 S\u00e9ance \u00e0 votre domicile : 60 \u20ac\u00a0 1\u00e8re s\u00e9ance traitement des allergies : 65 \u20ac\u00a0 Tarifs ANDR\u00c9 :&nbsp; S\u00e9ance au cabinet : 50 \u20ac\u00a0 S\u00e9ance \u00e0 votre domicile : 60 \u20ac\u00a0 Tarifs IGNACIA &amp; ANDR\u00c9 :&nbsp; S\u00e9ance au cabinet : 80 \u20ac\u00a0 S\u00e9ance \u00e0 votre domicile : &hellip; Continuer la lecture de &laquo;&nbsp;Tarifs&nbsp;&raquo;\" \/>\n<meta property=\"og:url\" content=\"https:\/\/www.magnetiseur44-mondat-guevara.com\/index.php\/tarifs\/\" \/>\n<meta property=\"og:site_name\" content=\"Ignacia &amp; Andr\u00e9\" \/>\n<meta property=\"article:publisher\" content=\"https:\/\/www.facebook.com\/andre.mondat\" \/>\n<meta property=\"article:modified_time\" content=\"2019-05-21T21:19:22+00:00\" \/>\n<meta name=\"twitter:card\" content=\"summary_large_image\" \/>\n<script type=\"application\/ld+json\" class=\"yoast-schema-graph\">{\"@context\":\"https:\/\/schema.org\",\"@graph\":[{\"@type\":\"WebPage\",\"@id\":\"https:\/\/www.magnetiseur44-mondat-guevara.com\/index.php\/tarifs\/\",\"url\":\"https:\/\/www.magnetiseur44-mondat-guevara.com\/index.php\/tarifs\/\",\"name\":\"Tarifs - Ignacia &amp; Andr\u00e9\",\"isPartOf\":{\"@id\":\"https:\/\/www.magnetiseur44-mondat-guevara.com\/#website\"},\"datePublished\":\"2019-04-26T08:22:12+00:00\",\"dateModified\":\"2019-05-21T21:19:22+00:00\",\"breadcrumb\":{\"@id\":\"https:\/\/www.magnetiseur44-mondat-guevara.com\/index.php\/tarifs\/#breadcrumb\"},\"inLanguage\":\"fr-FR\",\"potentialAction\":[{\"@type\":\"ReadAction\",\"target\":[\"https:\/\/www.magnetiseur44-mondat-guevara.com\/index.php\/tarifs\/\"]}]},{\"@type\":\"BreadcrumbList\",\"@id\":\"https:\/\/www.magnetiseur44-mondat-guevara.com\/index.php\/tarifs\/#breadcrumb\",\"itemListElement\":[{\"@type\":\"ListItem\",\"position\":1,\"name\":\"Accueil\",\"item\":\"https:\/\/www.magnetiseur44-mondat-guevara.com\/\"},{\"@type\":\"ListItem\",\"position\":2,\"name\":\"Tarifs\"}]},{\"@type\":\"WebSite\",\"@id\":\"https:\/\/www.magnetiseur44-mondat-guevara.com\/#website\",\"url\":\"https:\/\/www.magnetiseur44-mondat-guevara.com\/\",\"name\":\"Ignacia &amp; Andr\u00e9\",\"description\":\"Magn\u00e9tiseurs Nantes - Saint-Herblain\",\"publisher\":{\"@id\":\"https:\/\/www.magnetiseur44-mondat-guevara.com\/#\/schema\/person\/4c936b883dad4974a2ebc832867c6023\"},\"potentialAction\":[{\"@type\":\"SearchAction\",\"target\":{\"@type\":\"EntryPoint\",\"urlTemplate\":\"https:\/\/www.magnetiseur44-mondat-guevara.com\/?s={search_term_string}\"},\"query-input\":{\"@type\":\"PropertyValueSpecification\",\"valueRequired\":true,\"valueName\":\"search_term_string\"}}],\"inLanguage\":\"fr-FR\"},{\"@type\":[\"Person\",\"Organization\"],\"@id\":\"https:\/\/www.magnetiseur44-mondat-guevara.com\/#\/schema\/person\/4c936b883dad4974a2ebc832867c6023\",\"name\":\"Andr\u00e9 Mondat\",\"image\":{\"@type\":\"ImageObject\",\"inLanguage\":\"fr-FR\",\"@id\":\"https:\/\/www.magnetiseur44-mondat-guevara.com\/#\/schema\/person\/image\/\",\"url\":\"https:\/\/secure.gravatar.com\/avatar\/d5e0d1fe0a1414e7dd020b3e0e566f5d?s=96&d=mm&r=g\",\"contentUrl\":\"https:\/\/secure.gravatar.com\/avatar\/d5e0d1fe0a1414e7dd020b3e0e566f5d?s=96&d=mm&r=g\",\"caption\":\"Andr\u00e9 Mondat\"},\"logo\":{\"@id\":\"https:\/\/www.magnetiseur44-mondat-guevara.com\/#\/schema\/person\/image\/\"},\"description\":\"Andr\u00e9 Mondat Nancy Ignacia Guevara Reyes Magn\u00e9tiseur M\u00e9decine Mexicaine Mexique Acupuncture Saint Herblain Nantes Loire Atlantique\",\"sameAs\":[\"https:\/\/www.facebook.com\/andre.mondat\",\"https:\/\/www.linkedin.com\/in\/andr-mondat-36641a110\/\"]}]}<\/script>\n<!-- \/ Yoast SEO plugin. -->","yoast_head_json":{"title":"Tarifs - Ignacia &amp; Andr\u00e9","robots":{"index":"index","follow":"follow","max-snippet":"max-snippet:-1","max-image-preview":"max-image-preview:large","max-video-preview":"max-video-preview:-1"},"canonical":"https:\/\/www.magnetiseur44-mondat-guevara.com\/index.php\/tarifs\/","og_locale":"fr_FR","og_type":"article","og_title":"Tarifs - Ignacia &amp; Andr\u00e9","og_description":"Tarifs IGNACIA&nbsp;&nbsp; S\u00e9ance au cabinet : 50 \u20ac\u00a0 S\u00e9ance \u00e0 votre domicile : 60 \u20ac\u00a0 1\u00e8re s\u00e9ance traitement des allergies : 65 \u20ac\u00a0 Tarifs ANDR\u00c9 :&nbsp; S\u00e9ance au cabinet : 50 \u20ac\u00a0 S\u00e9ance \u00e0 votre domicile : 60 \u20ac\u00a0 Tarifs IGNACIA &amp; ANDR\u00c9 :&nbsp; S\u00e9ance au cabinet : 80 \u20ac\u00a0 S\u00e9ance \u00e0 votre domicile : &hellip; Continuer la lecture de &laquo;&nbsp;Tarifs&nbsp;&raquo;","og_url":"https:\/\/www.magnetiseur44-mondat-guevara.com\/index.php\/tarifs\/","og_site_name":"Ignacia &amp; Andr\u00e9","article_publisher":"https:\/\/www.facebook.com\/andre.mondat","article_modified_time":"2019-05-21T21:19:22+00:00","twitter_card":"summary_large_image","schema":{"@context":"https:\/\/schema.org","@graph":[{"@type":"WebPage","@id":"https:\/\/www.magnetiseur44-mondat-guevara.com\/index.php\/tarifs\/","url":"https:\/\/www.magnetiseur44-mondat-guevara.com\/index.php\/tarifs\/","name":"Tarifs - Ignacia &amp; Andr\u00e9","isPartOf":{"@id":"https:\/\/www.magnetiseur44-mondat-guevara.com\/#website"},"datePublished":"2019-04-26T08:22:12+00:00","dateModified":"2019-05-21T21:19:22+00:00","breadcrumb":{"@id":"https:\/\/www.magnetiseur44-mondat-guevara.com\/index.php\/tarifs\/#breadcrumb"},"inLanguage":"fr-FR","potentialAction":[{"@type":"ReadAction","target":["https:\/\/www.magnetiseur44-mondat-guevara.com\/index.php\/tarifs\/"]}]},{"@type":"BreadcrumbList","@id":"https:\/\/www.magnetiseur44-mondat-guevara.com\/index.php\/tarifs\/#breadcrumb","itemListElement":[{"@type":"ListItem","position":1,"name":"Accueil","item":"https:\/\/www.magnetiseur44-mondat-guevara.com\/"},{"@type":"ListItem","position":2,"name":"Tarifs"}]},{"@type":"WebSite","@id":"https:\/\/www.magnetiseur44-mondat-guevara.com\/#website","url":"https:\/\/www.magnetiseur44-mondat-guevara.com\/","name":"Ignacia &amp; Andr\u00e9","description":"Magn\u00e9tiseurs Nantes - Saint-Herblain","publisher":{"@id":"https:\/\/www.magnetiseur44-mondat-guevara.com\/#\/schema\/person\/4c936b883dad4974a2ebc832867c6023"},"potentialAction":[{"@type":"SearchAction","target":{"@type":"EntryPoint","urlTemplate":"https:\/\/www.magnetiseur44-mondat-guevara.com\/?s={search_term_string}"},"query-input":{"@type":"PropertyValueSpecification","valueRequired":true,"valueName":"search_term_string"}}],"inLanguage":"fr-FR"},{"@type":["Person","Organization"],"@id":"https:\/\/www.magnetiseur44-mondat-guevara.com\/#\/schema\/person\/4c936b883dad4974a2ebc832867c6023","name":"Andr\u00e9 Mondat","image":{"@type":"ImageObject","inLanguage":"fr-FR","@id":"https:\/\/www.magnetiseur44-mondat-guevara.com\/#\/schema\/person\/image\/","url":"https:\/\/secure.gravatar.com\/avatar\/d5e0d1fe0a1414e7dd020b3e0e566f5d?s=96&d=mm&r=g","contentUrl":"https:\/\/secure.gravatar.com\/avatar\/d5e0d1fe0a1414e7dd020b3e0e566f5d?s=96&d=mm&r=g","caption":"Andr\u00e9 Mondat"},"logo":{"@id":"https:\/\/www.magnetiseur44-mondat-guevara.com\/#\/schema\/person\/image\/"},"description":"Andr\u00e9 Mondat Nancy Ignacia Guevara Reyes Magn\u00e9tiseur M\u00e9decine Mexicaine Mexique Acupuncture Saint Herblain Nantes Loire Atlantique","sameAs":["https:\/\/www.facebook.com\/andre.mondat","https:\/\/www.linkedin.com\/in\/andr-mondat-36641a110\/"]}]}},"_links":{"self":[{"href":"https:\/\/www.magnetiseur44-mondat-guevara.com\/index.php\/wp-json\/wp\/v2\/pages\/31"}],"collection":[{"href":"https:\/\/www.magnetiseur44-mondat-guevara.com\/index.php\/wp-json\/wp\/v2\/pages"}],"about":[{"href":"https:\/\/www.magnetiseur44-mondat-guevara.com\/index.php\/wp-json\/wp\/v2\/types\/page"}],"author":[{"embeddable":true,"href":"https:\/\/www.magnetiseur44-mondat-guevara.com\/index.php\/wp-json\/wp\/v2\/users\/1"}],"replies":[{"embeddable":true,"href":"https:\/\/www.magnetiseur44-mondat-guevara.com\/index.php\/wp-json\/wp\/v2\/comments?post=31"}],"version-history":[{"count":4,"href":"https:\/\/www.magnetiseur44-mondat-guevara.com\/index.php\/wp-json\/wp\/v2\/pages\/31\/revisions"}],"predecessor-version":[{"id":96,"href":"https:\/\/www.magnetiseur44-mondat-guevara.com\/index.php\/wp-json\/wp\/v2\/pages\/31\/revisions\/96"}],"wp:attachment":[{"href":"https:\/\/www.magnetiseur44-mondat-guevara.com\/index.php\/wp-json\/wp\/v2\/media?parent=31"}],"curies":[{"name":"wp","href":"https:\/\/api.w.org\/{rel}","templated":true}]}}