{"id":12,"date":"2019-04-24T21:42:51","date_gmt":"2019-04-24T19:42:51","guid":{"rendered":"http:\/\/andrenancy.rabas.net\/?page_id=12"},"modified":"2019-05-21T22:38:27","modified_gmt":"2019-05-21T20:38:27","slug":"soins-andre","status":"publish","type":"page","link":"https:\/\/www.magnetiseur44-mondat-guevara.com\/index.php\/soins-andre\/","title":{"rendered":"Soins Andr\u00e9"},"content":{"rendered":"\n<div class=\"wp-block-image\"><figure class=\"alignright is-resized\"><img loading=\"lazy\" decoding=\"async\" src=\"http:\/\/andrenancy.rabas.net\/wp-content\/uploads\/2019\/05\/mains-e1558470903930.jpg\" alt=\"\" class=\"wp-image-87\" width=\"254\" height=\"218\" srcset=\"https:\/\/www.magnetiseur44-mondat-guevara.com\/wp-content\/uploads\/2019\/05\/mains-e1558470903930.jpg 396w, https:\/\/www.magnetiseur44-mondat-guevara.com\/wp-content\/uploads\/2019\/05\/mains-e1558470903930-300x258.jpg 300w\" sizes=\"(max-width: 254px) 100vw, 254px\" \/><\/figure><\/div>\n\n\n<p>Pratiquant le magn\u00e9tisme depuis 1984, ma principale motivation est de rendre service en utilisant cette capacit\u00e9\/aptitude.<\/p>\n<p>Le lien reconnu entre le corps et l\u2019esprit joue un r\u00f4le d\u00e9terminant sur le subconscient qui nous guide et va fa\u00e7onner notre fa\u00e7on de r\u00e9agir. La s\u00e9ance est donc toujours en 2 temps : le dialogue et le soin.<\/p>\n<p>Mon travail sera d&rsquo;analyser l\u2019origine du sympt\u00f4me et d&rsquo;intervenir sur l&rsquo;\u00e9quilibre et la circulation des \u00e9nergies de votre corps afin de lui permettre d&rsquo;utiliser toutes ses ressources et de vous soulager ainsi de certaines douleurs.<\/p>\n<p>Gr\u00e2ce \u00e0 mon exp\u00e9rience et la diversit\u00e9 des personnes de tout \u00e2ge rencontr\u00e9es, je peux vous accompagner pour gu\u00e9rir de nombreuses douleurs ou maladies.<\/p>\n<p>Je vous invite \u00e0 me contacter directement par t\u00e9l\u00e9phone pour toutes questions et\/ou conseils. Ensuite, si vous le souhaitez, nous pourrons convenir d&rsquo;un rendez-vous.<\/p>\n<p>Attention : En aucun cas une consultation chez un magn\u00e9tiseur ne se substitue \u00e0 un suivi et traitement m\u00e9dical.<\/p>","protected":false},"excerpt":{"rendered":"<p>Pratiquant le magn\u00e9tisme depuis 1984, ma principale motivation est de rendre service en utilisant cette capacit\u00e9\/aptitude. Le lien reconnu entre le corps et l\u2019esprit joue un r\u00f4le d\u00e9terminant sur le subconscient qui nous guide et va fa\u00e7onner notre fa\u00e7on de r\u00e9agir. La s\u00e9ance est donc toujours en 2 temps : le dialogue et le soin. &hellip; <\/p>\n<p class=\"link-more\"><a href=\"https:\/\/www.magnetiseur44-mondat-guevara.com\/index.php\/soins-andre\/\" class=\"more-link\">Continuer la lecture<span class=\"screen-reader-text\"> de &laquo;&nbsp;Soins Andr\u00e9&nbsp;&raquo;<\/span><\/a><\/p>\n","protected":false},"author":1,"featured_media":0,"parent":0,"menu_order":0,"comment_status":"closed","ping_status":"closed","template":"","meta":{"footnotes":""},"yoast_head":"<!-- This site is optimized with the Yoast SEO plugin v24.5 - https:\/\/yoast.com\/wordpress\/plugins\/seo\/ -->\n<title>Soins Andr\u00e9 - Ignacia &amp; Andr\u00e9<\/title>\n<meta name=\"robots\" content=\"index, follow, max-snippet:-1, max-image-preview:large, max-video-preview:-1\" \/>\n<link rel=\"canonical\" href=\"https:\/\/www.magnetiseur44-mondat-guevara.com\/index.php\/soins-andre\/\" \/>\n<meta property=\"og:locale\" content=\"fr_FR\" \/>\n<meta property=\"og:type\" content=\"article\" \/>\n<meta property=\"og:title\" content=\"Soins Andr\u00e9 - Ignacia &amp; Andr\u00e9\" \/>\n<meta property=\"og:description\" content=\"Pratiquant le magn\u00e9tisme depuis 1984, ma principale motivation est de rendre service en utilisant cette capacit\u00e9\/aptitude. Le lien reconnu entre le corps et l\u2019esprit joue un r\u00f4le d\u00e9terminant sur le subconscient qui nous guide et va fa\u00e7onner notre fa\u00e7on de r\u00e9agir. La s\u00e9ance est donc toujours en 2 temps : le dialogue et le soin. &hellip; Continuer la lecture de &laquo;&nbsp;Soins Andr\u00e9&nbsp;&raquo;\" \/>\n<meta property=\"og:url\" content=\"https:\/\/www.magnetiseur44-mondat-guevara.com\/index.php\/soins-andre\/\" \/>\n<meta property=\"og:site_name\" content=\"Ignacia &amp; Andr\u00e9\" \/>\n<meta property=\"article:publisher\" content=\"https:\/\/www.facebook.com\/andre.mondat\" \/>\n<meta property=\"article:modified_time\" content=\"2019-05-21T20:38:27+00:00\" \/>\n<meta property=\"og:image\" content=\"http:\/\/andrenancy.rabas.net\/wp-content\/uploads\/2019\/05\/mains-e1558470903930.jpg\" \/>\n<meta name=\"twitter:card\" content=\"summary_large_image\" \/>\n<meta name=\"twitter:label1\" content=\"Dur\u00e9e de lecture estim\u00e9e\" \/>\n\t<meta name=\"twitter:data1\" content=\"1 minute\" \/>\n<script type=\"application\/ld+json\" class=\"yoast-schema-graph\">{\"@context\":\"https:\/\/schema.org\",\"@graph\":[{\"@type\":\"WebPage\",\"@id\":\"https:\/\/www.magnetiseur44-mondat-guevara.com\/index.php\/soins-andre\/\",\"url\":\"https:\/\/www.magnetiseur44-mondat-guevara.com\/index.php\/soins-andre\/\",\"name\":\"Soins Andr\u00e9 - Ignacia &amp; Andr\u00e9\",\"isPartOf\":{\"@id\":\"https:\/\/www.magnetiseur44-mondat-guevara.com\/#website\"},\"primaryImageOfPage\":{\"@id\":\"https:\/\/www.magnetiseur44-mondat-guevara.com\/index.php\/soins-andre\/#primaryimage\"},\"image\":{\"@id\":\"https:\/\/www.magnetiseur44-mondat-guevara.com\/index.php\/soins-andre\/#primaryimage\"},\"thumbnailUrl\":\"http:\/\/andrenancy.rabas.net\/wp-content\/uploads\/2019\/05\/mains-e1558470903930.jpg\",\"datePublished\":\"2019-04-24T19:42:51+00:00\",\"dateModified\":\"2019-05-21T20:38:27+00:00\",\"breadcrumb\":{\"@id\":\"https:\/\/www.magnetiseur44-mondat-guevara.com\/index.php\/soins-andre\/#breadcrumb\"},\"inLanguage\":\"fr-FR\",\"potentialAction\":[{\"@type\":\"ReadAction\",\"target\":[\"https:\/\/www.magnetiseur44-mondat-guevara.com\/index.php\/soins-andre\/\"]}]},{\"@type\":\"ImageObject\",\"inLanguage\":\"fr-FR\",\"@id\":\"https:\/\/www.magnetiseur44-mondat-guevara.com\/index.php\/soins-andre\/#primaryimage\",\"url\":\"http:\/\/andrenancy.rabas.net\/wp-content\/uploads\/2019\/05\/mains-e1558470903930.jpg\",\"contentUrl\":\"http:\/\/andrenancy.rabas.net\/wp-content\/uploads\/2019\/05\/mains-e1558470903930.jpg\"},{\"@type\":\"BreadcrumbList\",\"@id\":\"https:\/\/www.magnetiseur44-mondat-guevara.com\/index.php\/soins-andre\/#breadcrumb\",\"itemListElement\":[{\"@type\":\"ListItem\",\"position\":1,\"name\":\"Accueil\",\"item\":\"https:\/\/www.magnetiseur44-mondat-guevara.com\/\"},{\"@type\":\"ListItem\",\"position\":2,\"name\":\"Soins Andr\u00e9\"}]},{\"@type\":\"WebSite\",\"@id\":\"https:\/\/www.magnetiseur44-mondat-guevara.com\/#website\",\"url\":\"https:\/\/www.magnetiseur44-mondat-guevara.com\/\",\"name\":\"Ignacia &amp; Andr\u00e9\",\"description\":\"Magn\u00e9tiseurs Nantes - Saint-Herblain\",\"publisher\":{\"@id\":\"https:\/\/www.magnetiseur44-mondat-guevara.com\/#\/schema\/person\/4c936b883dad4974a2ebc832867c6023\"},\"potentialAction\":[{\"@type\":\"SearchAction\",\"target\":{\"@type\":\"EntryPoint\",\"urlTemplate\":\"https:\/\/www.magnetiseur44-mondat-guevara.com\/?s={search_term_string}\"},\"query-input\":{\"@type\":\"PropertyValueSpecification\",\"valueRequired\":true,\"valueName\":\"search_term_string\"}}],\"inLanguage\":\"fr-FR\"},{\"@type\":[\"Person\",\"Organization\"],\"@id\":\"https:\/\/www.magnetiseur44-mondat-guevara.com\/#\/schema\/person\/4c936b883dad4974a2ebc832867c6023\",\"name\":\"Andr\u00e9 Mondat\",\"image\":{\"@type\":\"ImageObject\",\"inLanguage\":\"fr-FR\",\"@id\":\"https:\/\/www.magnetiseur44-mondat-guevara.com\/#\/schema\/person\/image\/\",\"url\":\"https:\/\/secure.gravatar.com\/avatar\/d5e0d1fe0a1414e7dd020b3e0e566f5d?s=96&d=mm&r=g\",\"contentUrl\":\"https:\/\/secure.gravatar.com\/avatar\/d5e0d1fe0a1414e7dd020b3e0e566f5d?s=96&d=mm&r=g\",\"caption\":\"Andr\u00e9 Mondat\"},\"logo\":{\"@id\":\"https:\/\/www.magnetiseur44-mondat-guevara.com\/#\/schema\/person\/image\/\"},\"description\":\"Andr\u00e9 Mondat Nancy Ignacia Guevara Reyes Magn\u00e9tiseur M\u00e9decine Mexicaine Mexique Acupuncture Saint Herblain Nantes Loire Atlantique\",\"sameAs\":[\"https:\/\/www.facebook.com\/andre.mondat\",\"https:\/\/www.linkedin.com\/in\/andr-mondat-36641a110\/\"]}]}<\/script>\n<!-- \/ Yoast SEO plugin. -->","yoast_head_json":{"title":"Soins Andr\u00e9 - Ignacia &amp; Andr\u00e9","robots":{"index":"index","follow":"follow","max-snippet":"max-snippet:-1","max-image-preview":"max-image-preview:large","max-video-preview":"max-video-preview:-1"},"canonical":"https:\/\/www.magnetiseur44-mondat-guevara.com\/index.php\/soins-andre\/","og_locale":"fr_FR","og_type":"article","og_title":"Soins Andr\u00e9 - Ignacia &amp; Andr\u00e9","og_description":"Pratiquant le magn\u00e9tisme depuis 1984, ma principale motivation est de rendre service en utilisant cette capacit\u00e9\/aptitude. Le lien reconnu entre le corps et l\u2019esprit joue un r\u00f4le d\u00e9terminant sur le subconscient qui nous guide et va fa\u00e7onner notre fa\u00e7on de r\u00e9agir. La s\u00e9ance est donc toujours en 2 temps : le dialogue et le soin. &hellip; Continuer la lecture de &laquo;&nbsp;Soins Andr\u00e9&nbsp;&raquo;","og_url":"https:\/\/www.magnetiseur44-mondat-guevara.com\/index.php\/soins-andre\/","og_site_name":"Ignacia &amp; Andr\u00e9","article_publisher":"https:\/\/www.facebook.com\/andre.mondat","article_modified_time":"2019-05-21T20:38:27+00:00","og_image":[{"url":"http:\/\/andrenancy.rabas.net\/wp-content\/uploads\/2019\/05\/mains-e1558470903930.jpg","type":"","width":"","height":""}],"twitter_card":"summary_large_image","twitter_misc":{"Dur\u00e9e de lecture estim\u00e9e":"1 minute"},"schema":{"@context":"https:\/\/schema.org","@graph":[{"@type":"WebPage","@id":"https:\/\/www.magnetiseur44-mondat-guevara.com\/index.php\/soins-andre\/","url":"https:\/\/www.magnetiseur44-mondat-guevara.com\/index.php\/soins-andre\/","name":"Soins Andr\u00e9 - Ignacia &amp; Andr\u00e9","isPartOf":{"@id":"https:\/\/www.magnetiseur44-mondat-guevara.com\/#website"},"primaryImageOfPage":{"@id":"https:\/\/www.magnetiseur44-mondat-guevara.com\/index.php\/soins-andre\/#primaryimage"},"image":{"@id":"https:\/\/www.magnetiseur44-mondat-guevara.com\/index.php\/soins-andre\/#primaryimage"},"thumbnailUrl":"http:\/\/andrenancy.rabas.net\/wp-content\/uploads\/2019\/05\/mains-e1558470903930.jpg","datePublished":"2019-04-24T19:42:51+00:00","dateModified":"2019-05-21T20:38:27+00:00","breadcrumb":{"@id":"https:\/\/www.magnetiseur44-mondat-guevara.com\/index.php\/soins-andre\/#breadcrumb"},"inLanguage":"fr-FR","potentialAction":[{"@type":"ReadAction","target":["https:\/\/www.magnetiseur44-mondat-guevara.com\/index.php\/soins-andre\/"]}]},{"@type":"ImageObject","inLanguage":"fr-FR","@id":"https:\/\/www.magnetiseur44-mondat-guevara.com\/index.php\/soins-andre\/#primaryimage","url":"http:\/\/andrenancy.rabas.net\/wp-content\/uploads\/2019\/05\/mains-e1558470903930.jpg","contentUrl":"http:\/\/andrenancy.rabas.net\/wp-content\/uploads\/2019\/05\/mains-e1558470903930.jpg"},{"@type":"BreadcrumbList","@id":"https:\/\/www.magnetiseur44-mondat-guevara.com\/index.php\/soins-andre\/#breadcrumb","itemListElement":[{"@type":"ListItem","position":1,"name":"Accueil","item":"https:\/\/www.magnetiseur44-mondat-guevara.com\/"},{"@type":"ListItem","position":2,"name":"Soins Andr\u00e9"}]},{"@type":"WebSite","@id":"https:\/\/www.magnetiseur44-mondat-guevara.com\/#website","url":"https:\/\/www.magnetiseur44-mondat-guevara.com\/","name":"Ignacia &amp; Andr\u00e9","description":"Magn\u00e9tiseurs Nantes - Saint-Herblain","publisher":{"@id":"https:\/\/www.magnetiseur44-mondat-guevara.com\/#\/schema\/person\/4c936b883dad4974a2ebc832867c6023"},"potentialAction":[{"@type":"SearchAction","target":{"@type":"EntryPoint","urlTemplate":"https:\/\/www.magnetiseur44-mondat-guevara.com\/?s={search_term_string}"},"query-input":{"@type":"PropertyValueSpecification","valueRequired":true,"valueName":"search_term_string"}}],"inLanguage":"fr-FR"},{"@type":["Person","Organization"],"@id":"https:\/\/www.magnetiseur44-mondat-guevara.com\/#\/schema\/person\/4c936b883dad4974a2ebc832867c6023","name":"Andr\u00e9 Mondat","image":{"@type":"ImageObject","inLanguage":"fr-FR","@id":"https:\/\/www.magnetiseur44-mondat-guevara.com\/#\/schema\/person\/image\/","url":"https:\/\/secure.gravatar.com\/avatar\/d5e0d1fe0a1414e7dd020b3e0e566f5d?s=96&d=mm&r=g","contentUrl":"https:\/\/secure.gravatar.com\/avatar\/d5e0d1fe0a1414e7dd020b3e0e566f5d?s=96&d=mm&r=g","caption":"Andr\u00e9 Mondat"},"logo":{"@id":"https:\/\/www.magnetiseur44-mondat-guevara.com\/#\/schema\/person\/image\/"},"description":"Andr\u00e9 Mondat Nancy Ignacia Guevara Reyes Magn\u00e9tiseur M\u00e9decine Mexicaine Mexique Acupuncture Saint Herblain Nantes Loire Atlantique","sameAs":["https:\/\/www.facebook.com\/andre.mondat","https:\/\/www.linkedin.com\/in\/andr-mondat-36641a110\/"]}]}},"_links":{"self":[{"href":"https:\/\/www.magnetiseur44-mondat-guevara.com\/index.php\/wp-json\/wp\/v2\/pages\/12"}],"collection":[{"href":"https:\/\/www.magnetiseur44-mondat-guevara.com\/index.php\/wp-json\/wp\/v2\/pages"}],"about":[{"href":"https:\/\/www.magnetiseur44-mondat-guevara.com\/index.php\/wp-json\/wp\/v2\/types\/page"}],"author":[{"embeddable":true,"href":"https:\/\/www.magnetiseur44-mondat-guevara.com\/index.php\/wp-json\/wp\/v2\/users\/1"}],"replies":[{"embeddable":true,"href":"https:\/\/www.magnetiseur44-mondat-guevara.com\/index.php\/wp-json\/wp\/v2\/comments?post=12"}],"version-history":[{"count":8,"href":"https:\/\/www.magnetiseur44-mondat-guevara.com\/index.php\/wp-json\/wp\/v2\/pages\/12\/revisions"}],"predecessor-version":[{"id":90,"href":"https:\/\/www.magnetiseur44-mondat-guevara.com\/index.php\/wp-json\/wp\/v2\/pages\/12\/revisions\/90"}],"wp:attachment":[{"href":"https:\/\/www.magnetiseur44-mondat-guevara.com\/index.php\/wp-json\/wp\/v2\/media?parent=12"}],"curies":[{"name":"wp","href":"https:\/\/api.w.org\/{rel}","templated":true}]}}