{"id":10,"date":"2019-04-24T21:42:51","date_gmt":"2019-04-24T19:42:51","guid":{"rendered":"http:\/\/andrenancy.rabas.net\/?page_id=10"},"modified":"2022-04-28T10:17:07","modified_gmt":"2022-04-28T08:17:07","slug":"contact","status":"publish","type":"page","link":"https:\/\/www.magnetiseur44-mondat-guevara.com\/index.php\/contact\/","title":{"rendered":"Contact"},"content":{"rendered":"<p><span data-contrast=\"auto\"><strong>IGNACIA <\/strong>: 06 77 97 49 33<\/span><span data-ccp-props=\"{&quot;201341983&quot;:0,&quot;335559739&quot;:0,&quot;335559740&quot;:240}\">&nbsp;<\/span><\/p>\n<p><span data-contrast=\"auto\"><strong>ANDR\u00c9 <\/strong>: 06 33 11 29 84<\/span><span data-ccp-props=\"{&quot;201341983&quot;:0,&quot;335559739&quot;:0,&quot;335559740&quot;:240}\">&nbsp;<\/span><\/p>\n<p><span data-ccp-props=\"{&quot;201341983&quot;:0,&quot;335559739&quot;:0,&quot;335559740&quot;:240}\">&nbsp;<\/span><span data-contrast=\"auto\">Le cabinet se situe \u00e0 Saint-Herblain au 8 rue du Nil \u2013 3<\/span><span data-contrast=\"auto\">\u00e8me<\/span><span data-contrast=\"auto\"> \u00e9tage \u2013 Interphone n\u00b0 16 (<\/span><i><span data-contrast=\"auto\">quartier Route de Vannes -Sillon de Bretagne<\/span><\/i><span data-contrast=\"auto\">).<\/span><span data-ccp-props=\"{&quot;201341983&quot;:0,&quot;335559739&quot;:0,&quot;335559740&quot;:240}\">&nbsp;<\/span><\/p>\n<p><span data-contrast=\"auto\">Parking gratuit devant le cabinet.<\/span><span data-ccp-props=\"{&quot;201341983&quot;:0,&quot;335559739&quot;:0,&quot;335559740&quot;:240}\">&nbsp;<\/span><\/p>\n<p><strong>Transports en commun\u202f:&nbsp;<\/strong><\/p>\n<p><span data-contrast=\"auto\">Bus 54 arr\u00eat\u202f: Nil<\/span><span data-ccp-props=\"{&quot;201341983&quot;:0,&quot;335559739&quot;:0,&quot;335559740&quot;:240}\">&nbsp;<\/span><\/p>\n<p><span data-contrast=\"auto\">Bus 59 arr\u00eat\u202f: Nil<\/span><span data-ccp-props=\"{&quot;201341983&quot;:0,&quot;335559739&quot;:0,&quot;335559740&quot;:240}\">&nbsp;<\/span><\/p>\n<p><span data-contrast=\"auto\">Tramway ligne 3 arr\u00eat\u202f: Sillon de Bretagne<\/span><\/p>\n<p><span data-contrast=\"auto\"><em>Les RDV peuvent se faire au cabinet ou \u00e0 votre domicile.<\/em><\/span><em>&nbsp;<\/em><\/p>\n\n\n<p><\/p>\n\n\n\n<div class=\"wp-block-webfactory-map\"><div class=\"wp-block-webfactory-map\"><iframe loading=\"lazy\" width=\"100%\" height=\"418px\" src=\"https:\/\/www.google.com\/maps\/embed\/v1\/place?q=8%20rue%20du%20Nil%2C%2044800%20Saint%20Herblain&amp;maptype=roadmap&amp;zoom=14&amp;key=AIzaSyAjyDspiPfzEfjRSS5fQzm-3jHFjHxeXB4\" frameborder=\"0\"><\/iframe><\/div><\/div>\n","protected":false},"excerpt":{"rendered":"<p>IGNACIA : 06 77 97 49 33&nbsp; ANDR\u00c9 : 06 33 11 29 84&nbsp; &nbsp;Le cabinet se situe \u00e0 Saint-Herblain au 8 rue du Nil \u2013 3\u00e8me \u00e9tage \u2013 Interphone n\u00b0 16 (quartier Route de Vannes -Sillon de Bretagne).&nbsp; Parking gratuit devant le cabinet.&nbsp; Transports en commun\u202f:&nbsp; Bus 54 arr\u00eat\u202f: Nil&nbsp; Bus 59 arr\u00eat\u202f: Nil&nbsp; &hellip; <\/p>\n<p class=\"link-more\"><a href=\"https:\/\/www.magnetiseur44-mondat-guevara.com\/index.php\/contact\/\" class=\"more-link\">Continuer la lecture<span class=\"screen-reader-text\"> de &laquo;&nbsp;Contact&nbsp;&raquo;<\/span><\/a><\/p>\n","protected":false},"author":1,"featured_media":0,"parent":0,"menu_order":0,"comment_status":"closed","ping_status":"closed","template":"","meta":{"footnotes":""},"yoast_head":"<!-- This site is optimized with the Yoast SEO plugin v24.5 - https:\/\/yoast.com\/wordpress\/plugins\/seo\/ -->\n<title>Contact - Ignacia &amp; Andr\u00e9<\/title>\n<meta name=\"robots\" content=\"index, follow, max-snippet:-1, max-image-preview:large, max-video-preview:-1\" \/>\n<link rel=\"canonical\" href=\"https:\/\/www.magnetiseur44-mondat-guevara.com\/index.php\/contact\/\" \/>\n<meta property=\"og:locale\" content=\"fr_FR\" \/>\n<meta property=\"og:type\" content=\"article\" \/>\n<meta property=\"og:title\" content=\"Contact - Ignacia &amp; Andr\u00e9\" \/>\n<meta property=\"og:description\" content=\"IGNACIA : 06 77 97 49 33&nbsp; ANDR\u00c9 : 06 33 11 29 84&nbsp; &nbsp;Le cabinet se situe \u00e0 Saint-Herblain au 8 rue du Nil \u2013 3\u00e8me \u00e9tage \u2013 Interphone n\u00b0 16 (quartier Route de Vannes -Sillon de Bretagne).&nbsp; Parking gratuit devant le cabinet.&nbsp; Transports en commun\u202f:&nbsp; Bus 54 arr\u00eat\u202f: Nil&nbsp; Bus 59 arr\u00eat\u202f: Nil&nbsp; &hellip; Continuer la lecture de &laquo;&nbsp;Contact&nbsp;&raquo;\" \/>\n<meta property=\"og:url\" content=\"https:\/\/www.magnetiseur44-mondat-guevara.com\/index.php\/contact\/\" \/>\n<meta property=\"og:site_name\" content=\"Ignacia &amp; Andr\u00e9\" \/>\n<meta property=\"article:publisher\" content=\"https:\/\/www.facebook.com\/andre.mondat\" \/>\n<meta property=\"article:modified_time\" content=\"2022-04-28T08:17:07+00:00\" \/>\n<meta name=\"twitter:card\" content=\"summary_large_image\" \/>\n<meta name=\"twitter:label1\" content=\"Dur\u00e9e de lecture estim\u00e9e\" \/>\n\t<meta name=\"twitter:data1\" content=\"1 minute\" \/>\n<script type=\"application\/ld+json\" class=\"yoast-schema-graph\">{\"@context\":\"https:\/\/schema.org\",\"@graph\":[{\"@type\":\"WebPage\",\"@id\":\"https:\/\/www.magnetiseur44-mondat-guevara.com\/index.php\/contact\/\",\"url\":\"https:\/\/www.magnetiseur44-mondat-guevara.com\/index.php\/contact\/\",\"name\":\"Contact - Ignacia &amp; Andr\u00e9\",\"isPartOf\":{\"@id\":\"https:\/\/www.magnetiseur44-mondat-guevara.com\/#website\"},\"datePublished\":\"2019-04-24T19:42:51+00:00\",\"dateModified\":\"2022-04-28T08:17:07+00:00\",\"breadcrumb\":{\"@id\":\"https:\/\/www.magnetiseur44-mondat-guevara.com\/index.php\/contact\/#breadcrumb\"},\"inLanguage\":\"fr-FR\",\"potentialAction\":[{\"@type\":\"ReadAction\",\"target\":[\"https:\/\/www.magnetiseur44-mondat-guevara.com\/index.php\/contact\/\"]}]},{\"@type\":\"BreadcrumbList\",\"@id\":\"https:\/\/www.magnetiseur44-mondat-guevara.com\/index.php\/contact\/#breadcrumb\",\"itemListElement\":[{\"@type\":\"ListItem\",\"position\":1,\"name\":\"Accueil\",\"item\":\"https:\/\/www.magnetiseur44-mondat-guevara.com\/\"},{\"@type\":\"ListItem\",\"position\":2,\"name\":\"Contact\"}]},{\"@type\":\"WebSite\",\"@id\":\"https:\/\/www.magnetiseur44-mondat-guevara.com\/#website\",\"url\":\"https:\/\/www.magnetiseur44-mondat-guevara.com\/\",\"name\":\"Ignacia &amp; Andr\u00e9\",\"description\":\"Magn\u00e9tiseurs Nantes - Saint-Herblain\",\"publisher\":{\"@id\":\"https:\/\/www.magnetiseur44-mondat-guevara.com\/#\/schema\/person\/4c936b883dad4974a2ebc832867c6023\"},\"potentialAction\":[{\"@type\":\"SearchAction\",\"target\":{\"@type\":\"EntryPoint\",\"urlTemplate\":\"https:\/\/www.magnetiseur44-mondat-guevara.com\/?s={search_term_string}\"},\"query-input\":{\"@type\":\"PropertyValueSpecification\",\"valueRequired\":true,\"valueName\":\"search_term_string\"}}],\"inLanguage\":\"fr-FR\"},{\"@type\":[\"Person\",\"Organization\"],\"@id\":\"https:\/\/www.magnetiseur44-mondat-guevara.com\/#\/schema\/person\/4c936b883dad4974a2ebc832867c6023\",\"name\":\"Andr\u00e9 Mondat\",\"image\":{\"@type\":\"ImageObject\",\"inLanguage\":\"fr-FR\",\"@id\":\"https:\/\/www.magnetiseur44-mondat-guevara.com\/#\/schema\/person\/image\/\",\"url\":\"https:\/\/secure.gravatar.com\/avatar\/d5e0d1fe0a1414e7dd020b3e0e566f5d?s=96&d=mm&r=g\",\"contentUrl\":\"https:\/\/secure.gravatar.com\/avatar\/d5e0d1fe0a1414e7dd020b3e0e566f5d?s=96&d=mm&r=g\",\"caption\":\"Andr\u00e9 Mondat\"},\"logo\":{\"@id\":\"https:\/\/www.magnetiseur44-mondat-guevara.com\/#\/schema\/person\/image\/\"},\"description\":\"Andr\u00e9 Mondat Nancy Ignacia Guevara Reyes Magn\u00e9tiseur M\u00e9decine Mexicaine Mexique Acupuncture Saint Herblain Nantes Loire Atlantique\",\"sameAs\":[\"https:\/\/www.facebook.com\/andre.mondat\",\"https:\/\/www.linkedin.com\/in\/andr-mondat-36641a110\/\"]}]}<\/script>\n<!-- \/ Yoast SEO plugin. -->","yoast_head_json":{"title":"Contact - Ignacia &amp; Andr\u00e9","robots":{"index":"index","follow":"follow","max-snippet":"max-snippet:-1","max-image-preview":"max-image-preview:large","max-video-preview":"max-video-preview:-1"},"canonical":"https:\/\/www.magnetiseur44-mondat-guevara.com\/index.php\/contact\/","og_locale":"fr_FR","og_type":"article","og_title":"Contact - Ignacia &amp; Andr\u00e9","og_description":"IGNACIA : 06 77 97 49 33&nbsp; ANDR\u00c9 : 06 33 11 29 84&nbsp; &nbsp;Le cabinet se situe \u00e0 Saint-Herblain au 8 rue du Nil \u2013 3\u00e8me \u00e9tage \u2013 Interphone n\u00b0 16 (quartier Route de Vannes -Sillon de Bretagne).&nbsp; Parking gratuit devant le cabinet.&nbsp; Transports en commun\u202f:&nbsp; Bus 54 arr\u00eat\u202f: Nil&nbsp; Bus 59 arr\u00eat\u202f: Nil&nbsp; &hellip; Continuer la lecture de &laquo;&nbsp;Contact&nbsp;&raquo;","og_url":"https:\/\/www.magnetiseur44-mondat-guevara.com\/index.php\/contact\/","og_site_name":"Ignacia &amp; Andr\u00e9","article_publisher":"https:\/\/www.facebook.com\/andre.mondat","article_modified_time":"2022-04-28T08:17:07+00:00","twitter_card":"summary_large_image","twitter_misc":{"Dur\u00e9e de lecture estim\u00e9e":"1 minute"},"schema":{"@context":"https:\/\/schema.org","@graph":[{"@type":"WebPage","@id":"https:\/\/www.magnetiseur44-mondat-guevara.com\/index.php\/contact\/","url":"https:\/\/www.magnetiseur44-mondat-guevara.com\/index.php\/contact\/","name":"Contact - Ignacia &amp; Andr\u00e9","isPartOf":{"@id":"https:\/\/www.magnetiseur44-mondat-guevara.com\/#website"},"datePublished":"2019-04-24T19:42:51+00:00","dateModified":"2022-04-28T08:17:07+00:00","breadcrumb":{"@id":"https:\/\/www.magnetiseur44-mondat-guevara.com\/index.php\/contact\/#breadcrumb"},"inLanguage":"fr-FR","potentialAction":[{"@type":"ReadAction","target":["https:\/\/www.magnetiseur44-mondat-guevara.com\/index.php\/contact\/"]}]},{"@type":"BreadcrumbList","@id":"https:\/\/www.magnetiseur44-mondat-guevara.com\/index.php\/contact\/#breadcrumb","itemListElement":[{"@type":"ListItem","position":1,"name":"Accueil","item":"https:\/\/www.magnetiseur44-mondat-guevara.com\/"},{"@type":"ListItem","position":2,"name":"Contact"}]},{"@type":"WebSite","@id":"https:\/\/www.magnetiseur44-mondat-guevara.com\/#website","url":"https:\/\/www.magnetiseur44-mondat-guevara.com\/","name":"Ignacia &amp; Andr\u00e9","description":"Magn\u00e9tiseurs Nantes - Saint-Herblain","publisher":{"@id":"https:\/\/www.magnetiseur44-mondat-guevara.com\/#\/schema\/person\/4c936b883dad4974a2ebc832867c6023"},"potentialAction":[{"@type":"SearchAction","target":{"@type":"EntryPoint","urlTemplate":"https:\/\/www.magnetiseur44-mondat-guevara.com\/?s={search_term_string}"},"query-input":{"@type":"PropertyValueSpecification","valueRequired":true,"valueName":"search_term_string"}}],"inLanguage":"fr-FR"},{"@type":["Person","Organization"],"@id":"https:\/\/www.magnetiseur44-mondat-guevara.com\/#\/schema\/person\/4c936b883dad4974a2ebc832867c6023","name":"Andr\u00e9 Mondat","image":{"@type":"ImageObject","inLanguage":"fr-FR","@id":"https:\/\/www.magnetiseur44-mondat-guevara.com\/#\/schema\/person\/image\/","url":"https:\/\/secure.gravatar.com\/avatar\/d5e0d1fe0a1414e7dd020b3e0e566f5d?s=96&d=mm&r=g","contentUrl":"https:\/\/secure.gravatar.com\/avatar\/d5e0d1fe0a1414e7dd020b3e0e566f5d?s=96&d=mm&r=g","caption":"Andr\u00e9 Mondat"},"logo":{"@id":"https:\/\/www.magnetiseur44-mondat-guevara.com\/#\/schema\/person\/image\/"},"description":"Andr\u00e9 Mondat Nancy Ignacia Guevara Reyes Magn\u00e9tiseur M\u00e9decine Mexicaine Mexique Acupuncture Saint Herblain Nantes Loire Atlantique","sameAs":["https:\/\/www.facebook.com\/andre.mondat","https:\/\/www.linkedin.com\/in\/andr-mondat-36641a110\/"]}]}},"_links":{"self":[{"href":"https:\/\/www.magnetiseur44-mondat-guevara.com\/index.php\/wp-json\/wp\/v2\/pages\/10"}],"collection":[{"href":"https:\/\/www.magnetiseur44-mondat-guevara.com\/index.php\/wp-json\/wp\/v2\/pages"}],"about":[{"href":"https:\/\/www.magnetiseur44-mondat-guevara.com\/index.php\/wp-json\/wp\/v2\/types\/page"}],"author":[{"embeddable":true,"href":"https:\/\/www.magnetiseur44-mondat-guevara.com\/index.php\/wp-json\/wp\/v2\/users\/1"}],"replies":[{"embeddable":true,"href":"https:\/\/www.magnetiseur44-mondat-guevara.com\/index.php\/wp-json\/wp\/v2\/comments?post=10"}],"version-history":[{"count":11,"href":"https:\/\/www.magnetiseur44-mondat-guevara.com\/index.php\/wp-json\/wp\/v2\/pages\/10\/revisions"}],"predecessor-version":[{"id":108,"href":"https:\/\/www.magnetiseur44-mondat-guevara.com\/index.php\/wp-json\/wp\/v2\/pages\/10\/revisions\/108"}],"wp:attachment":[{"href":"https:\/\/www.magnetiseur44-mondat-guevara.com\/index.php\/wp-json\/wp\/v2\/media?parent=10"}],"curies":[{"name":"wp","href":"https:\/\/api.w.org\/{rel}","templated":true}]}}